{"id":71,"date":"2024-08-07T22:06:39","date_gmt":"2024-08-07T22:06:39","guid":{"rendered":"http:\/\/marisolwongvillacres.com\/?page_id=71"},"modified":"2024-08-07T22:06:39","modified_gmt":"2024-08-07T22:06:39","slug":"71-2","status":"publish","type":"page","link":"http:\/\/marisolwongvillacres.com\/?page_id=71","title":{"rendered":""},"content":{"rendered":"\n<p class=\"has-medium-font-size\"><br><strong>Courses Taught<\/strong><\/p>\n\n\n\n<p class=\"has-small-font-size\">2021-2024 Human-Computer Interaction, Escuela Superior Polit\u00e9cnica del Litoral<br>Computer Science Capstone Course, Escuela Superior Polit\u00e9cnica del Litoral<br>2020, 2017 Educational Technology, Georgia Tech<br>2015 \u2013 2016 Human-Computer Interaction, Escuela Superior Polit\u00e9cnica del Litoral<br>2015 HCI Capstone Course, Topic: Designing for Equity and Inclusion, Escuela Superior Polit\u00e9cnica del Litoral<br>2011 \u2013 2015 Computers and Society and Digital Collaboration Tools, Escuela Superior Polit\u00e9cnica del Litoral<br>2011 Computer Networks, Escuela Superior Polit\u00e9cnica del Litoral<br>2007 Programming Languages, Escuela Superior Polit\u00e9cnica del Litoral<br>2005 \u2013 2008 Object-Oriented Programming, Escuela Superior Polit\u00e9cnica del Litoral<br>2002 &#8211; 2012 Data Structures, Escuela Superior Polit\u00e9cnica del Litoral<br>2001 \u2013 2006 Programming Fundamentals, Escuela Superior Polit\u00e9cnica del Litoral<\/p>\n\n\n\n<p class=\"has-medium-font-size\">Teaching Assistantships<\/p>\n\n\n\n<p class=\"has-small-font-size\">2020 Qualitative\/Empirical Methods HCI, Georgia Tech<br>2017, 2019 Educational Technology, Georgia Tech<br>2019 Human-Centered Computing 3, Georgia Tech<br>2011 Multimedia Arts and Technology, Indiana University<br>2010 Interaction Design Methods, Indiana University<\/p>\n\n\n\n<p class=\"has-small-font-size\">2009 \u2013 2010 Intro to Informatics, Indiana University<\/p>\n\n\n\n<p class=\"has-medium-font-size\"><strong>Guest Lecturer<\/strong><\/p>\n\n\n\n<p class=\"has-small-font-size\">2022 Culture and Design &#8211; Technology and Poverty, Prof. Neha Kumar<br>2021 PD &amp; Research With Vuln. Pops, Prof. Angela Smith, University of Texas<br>2021 Global UX, Prof. Saiph Savage, University of Washington<br>2021 Computing for Social Good, Prof. Kurtis Heimerl, University of Washington<br>2021 Issues\/Human-Center Comp, Prof. Christopher Le Dantec, Georgia Tech<br>2020 Qualitative\/Empirical Methods HCI, Prof. Betsy DiSalvo, Georgia Tech<br>2019 Technology and Sustainable Community Development, Prof. Ellen Zegura, Georgia Tech<br>2018 Technology and Poverty, Prof. Neha Kumar, Georgia Tech,<br>2010 Interaction Design Methods, Prof. Shaowen Bardzell, Indiana University<\/p>\n","protected":false},"excerpt":{"rendered":"<p>Courses Taught 2021-2024 Human-Computer Interaction, Escuela Superior Polit\u00e9cnica del LitoralComputer Science Capstone Course, Escuela Superior Polit\u00e9cnica del Litoral2020, 2017 Educational Technology, Georgia Tech2015 \u2013 2016 Human-Computer Interaction, Escuela Superior Polit\u00e9cnica del Litoral2015 HCI Capstone Course, Topic: Designing for Equity and Inclusion, Escuela Superior Polit\u00e9cnica del Litoral2011 \u2013 2015 Computers and Society and Digital Collaboration Tools, [&hellip;]<\/p>\n","protected":false},"author":1,"featured_media":0,"parent":0,"menu_order":0,"comment_status":"closed","ping_status":"closed","template":"","meta":{"footnotes":""},"class_list":["post-71","page","type-page","status-publish","hentry"],"_links":{"self":[{"href":"http:\/\/marisolwongvillacres.com\/index.php?rest_route=\/wp\/v2\/pages\/71","targetHints":{"allow":["GET"]}}],"collection":[{"href":"http:\/\/marisolwongvillacres.com\/index.php?rest_route=\/wp\/v2\/pages"}],"about":[{"href":"http:\/\/marisolwongvillacres.com\/index.php?rest_route=\/wp\/v2\/types\/page"}],"author":[{"embeddable":true,"href":"http:\/\/marisolwongvillacres.com\/index.php?rest_route=\/wp\/v2\/users\/1"}],"replies":[{"embeddable":true,"href":"http:\/\/marisolwongvillacres.com\/index.php?rest_route=%2Fwp%2Fv2%2Fcomments&post=71"}],"version-history":[{"count":1,"href":"http:\/\/marisolwongvillacres.com\/index.php?rest_route=\/wp\/v2\/pages\/71\/revisions"}],"predecessor-version":[{"id":72,"href":"http:\/\/marisolwongvillacres.com\/index.php?rest_route=\/wp\/v2\/pages\/71\/revisions\/72"}],"wp:attachment":[{"href":"http:\/\/marisolwongvillacres.com\/index.php?rest_route=%2Fwp%2Fv2%2Fmedia&parent=71"}],"curies":[{"name":"wp","href":"https:\/\/api.w.org\/{rel}","templated":true}]}}