{"id":61,"date":"2024-08-07T21:46:01","date_gmt":"2024-08-07T21:46:01","guid":{"rendered":"http:\/\/marisolwongvillacres.com\/?page_id=61"},"modified":"2024-08-07T22:53:21","modified_gmt":"2024-08-07T22:53:21","slug":"publications","status":"publish","type":"page","link":"http:\/\/marisolwongvillacres.com\/?page_id=61","title":{"rendered":""},"content":{"rendered":"\n<p class=\"has-medium-font-size\"><strong>Selected Peer-reviewed Publications<\/strong><\/p>\n\n\n\n<p class=\"has-medium-font-size\"><strong>2024<\/strong><\/p>\n\n\n\n<p class=\"has-small-font-size\">Chowdhury, N., Shokri, N., Valera, C. H., Sp, A. M., Marquez, C. R., Rifat, M. R., <strong>Wong-Villacres, M.<\/strong>, Munteanu, C., Dahya, N. &amp; Ahmed, S. I. (2024, May). Politics of the Past: Understanding the Role of Memory, Postmemory, and Remembrance in Navigating the History of Migrant Families. In Proceedings of the CHI Conference on Human Factors in Computing Systems (pp. 1-17).<\/p>\n\n\n\n<p class=\"has-small-font-size\">Garcia, A. A., <strong>Wong-Villacres, M.<\/strong>, Hern\u00e1ndez, B., &amp; Le Dantec, C. (2024, May). Bitacora: A Toolkit for Supporting NonProfits to Critically Reflect on Social Media Data Use. In ACM CHI Conference on Human Factors in Computing Systems.<\/p>\n\n\n\n<p class=\"has-small-font-size\">Griggio, C., Barrera Machuca, M. D., <strong>Wong-Villacres, M.<\/strong>, Gaytan-Lugo, L. S., Badillo-Urquiola, K., Alvarado Garcia, A., Perusquia-Hernandez, M., Ciolfi Felice, M., Cibrian, F. L., Thomas, M., Fuentes, C., Reynolds-Cu\u00e9llar, P. (2024). &#8220;Identifying the Values that Shape HCI and CSCW Research with Latin American Communities: A Collaborative Autoethnography&#8221; In Companion Publication of the 2024 Conference on Computer Supported Cooperative Work and Social Computing (Accepted)<\/p>\n\n\n\n<p class=\"has-small-font-size\">Sturm, C., White, E. P. G., <strong>Wong-Villacres, M.<\/strong>, Densmore, M., Moreno Rocha, M. A., Mart\u00ednez, C. A., &#8230; &amp; Mon, A. A. (2024, May). Student Design Competitions as an Awareness-building activity for HCI in the Global South. In Extended Abstracts of the CHI Conference on Human Factors in Computing Systems (pp. 1-7).<\/p>\n\n\n\n<p class=\"has-medium-font-size\"><strong>2023<\/strong><\/p>\n\n\n\n<p class=\"has-small-font-size\"><strong>Wong-Villacres, M<\/strong>., et al., Making ethics at home in Global CS Education: Provoking stories from the Souths. ACM Journal on Computing and Sustainable Societies., 2023 Honourable Mention<\/p>\n\n\n\n<p class=\"has-small-font-size\">Garcia, Adriana Alvarado, <strong>Wong-Villacr\u00e9s, M., <\/strong>et al. &#8220;Mobilizing Social Media Data: Reflections of a Researcher Mediating between Data and Organization.&#8221; ACM CHI Conference on Human Factors in Computing Systems. 2023.<\/p>\n\n\n\n<p class=\"has-small-font-size\">Reynolds-Cu\u00e9llar, Pedro, <strong>Wong-Villacr\u00e9s, M., <\/strong>et al. &#8220;Para Cima y Pa\u2019Abajo: Building Bridges Between HCI Research in Latin America and in the Global North.&#8221; Proceedings of the 2023 CHI Conference on Human Factors in Computing Systems. 2023.<\/p>\n\n\n\n<p class=\"has-medium-font-size\"><strong>2022<\/strong><\/p>\n\n\n\n<p class=\"has-small-font-size\">Echeverria, V., <strong>Wong-Villacres, M.,<\/strong> Ochoa, X., &amp; Chiluiza, K. (2022, March). An Exploratory Evaluation of a Collaboration Feedback Report. In LAK22: 12th International Learning Analytics and Knowledge Conference (pp. 478-484).<\/p>\n\n\n\n<p class=\"has-small-font-size\">M\u00e9ndez, G., Chiluiza, K., Tibau, J., Cedeno-Mieles, V., Moreno, O., Murillo, M., <strong>Wong-Villacres, M.<\/strong> (2022, May), Exploring Open Parliament Initiatives in Ecuador Through Technology. In Extended Abstracts of the 2022 CHI Conference on Human Factors in Computing Systems<\/p>\n\n\n\n<p class=\"has-small-font-size\">Reynolds-Cu\u00e9llar, P., Grisales, C.,<strong> Wong-Villacr\u00e9s, M<\/strong>., Serpa, B., Go\u00f1i, J. I., &amp; Lemus, O. A. (2022, August). Reviews Gone South: A Subversive Experiment on Participatory Design Canons: Dedicated to the Memory of Oscar A. Lemus. n Proceedings of the Participatory Design Conference 2022<\/p>\n\n\n\n<p class=\"has-medium-font-size\"><strong>2021<\/strong><\/p>\n\n\n\n<p class=\"has-small-font-size\"><strong>Wong-Villacres, M.<\/strong>, Gautam, A., Tatar, D., &amp; DiSalvo, B. (2021). Reflections on Assets-Based Design: A Journey Towards A Collective of Assets-Based Thinkers. Proceedings of the ACM on Human-Computer Interaction, 5(CSCW2), 1-32<\/p>\n\n\n\n<p class=\"has-small-font-size\">Alvarado-Garcia, A., Maestre, J., Marcham, M., &#8230;&amp; <strong>Wong-Villacres, M<\/strong>., &#8230;Cerrato-Pargman, T. (2021). <a href=\"http:\/\/marisolvillacres.website\/files\/alt_chi_2021_decolonial.pdf\">Decolonial Pathways: Our Manifesto for a Decolonizing Agenda in HCI Research and Design.<\/a> In Extended Abstracts of the 2021 CHI Conference on Human Factors in Computing Systems<\/p>\n\n\n\n<p class=\"has-medium-font-size\"><strong>2020<\/strong><\/p>\n\n\n\n<p class=\"has-small-font-size\"><strong>Wong-Villacres, M.<\/strong>, DiSalvo, C., Kumar, N., DiSalvo, B. (2020) Culture in Action: Unpacking Capacities to Inform Assets-Based Design. In Proceedings of the 2020 CHI Conference on Human Factors in Computing Systems. Honourable Mention, top 5% of submissions.<\/p>\n\n\n\n<p class=\"has-small-font-size\"><strong>Wong-Villacres, M.<\/strong>, Alvarado-Garcia, A., Tibau, J. (2020). <a href=\"http:\/\/marisolvillacres.website\/files\/wong_villacres_alt_chi_2020.pdf.pdf\">Reflections from the Classroom and Beyond: Imagining a Decolonized HCI Education.<\/a> In Extended Abstracts of the 2020 CHI Conference on Human Factors in Computing Systems<\/p>\n\n\n\n<p class=\"has-medium-font-size\"><strong>2019<\/strong><\/p>\n\n\n\n<p class=\"has-small-font-size\"><strong>Wong-Villacres, M.<\/strong>, Kumar, N., &amp; DiSalvo, B. (2019). The Work of Bilingual Parent-Education Liaisons: Assembling Information Patchworks for Immigrant Parents. Proceedings of the ACM on Human-Computer Interaction, 3(CSCW)<\/p>\n\n\n\n<p class=\"has-small-font-size\">Kumar, N., Karusala, N., Ismail, A., <strong>Wong-Villacres, M.<\/strong>, &amp; Vishwanath, A. (2019). Engaging Feminist Solidarity for Comparative Research, Design, and Practice. Proceedings of the ACM on Human-Computer Interaction, 3(CSCW)<\/p>\n\n\n\n<p class=\"has-small-font-size\"><strong>Wong-Villacres, M.,<\/strong> Kumar, N., DiSalvo, B. (2019). The Parenting Actor-Network of Latino Immigrants. In Proceedings of the 2019 CHI Conference on Human Factors in Computing Systems.<\/p>\n\n\n\n<p class=\"has-small-font-size\">Vishwanath, A., Karusala, N., <strong>Wong-Villacres, M.<\/strong>, Kumar, N. (2019). Engaging Lived and Virtual Realities.<strong> <\/strong>In Proceedings of the 2019 CHI Conference on Human Factors in Computing Systems.&nbsp;<\/p>\n\n\n\n<p class=\"has-small-font-size\">Kumar, N., <strong>Wong-Villacres, M.<\/strong>, Karusala, N., Vishwanath, A., Kumar, A., Ismail, A. (2019). Aspirations-based Design. <strong>&nbsp;<\/strong>In Proceedings of the Tenth International Conference on Information and Communication Technologies and Development (ICTD\u201919).&nbsp;<\/p>\n\n\n\n<p class=\"has-small-font-size\">Narvilkar, M., Mangiameli, J., Alvarado-Garcia, A., Ismail, A., &#8230; &amp; <strong>Wong-Villacres, M.<\/strong>, &#8230; &amp; Kumar, N. (2019) <a href=\"https:\/\/dl.acm.org\/citation.cfm?id=3310419\">Bringing Shades of Feminism To Human-Centered Computing<\/a>.<strong> <\/strong>In Extended Abstracts of the 2019 CHI Conference on Human Factors in Computing Systems.<\/p>\n\n\n\n<p class=\"has-small-font-size\"><strong>Wong-Villacres, M.<\/strong>, Evans, H., Schechter, D., DiSalvo, B., Kumar, N. (2019). <a href=\"http:\/\/marisolvillacres.website\/files\/consejero.pdf\">Consejero Autom\u00e1tico: Chatbots for Supporting Latino Parents&#8217; Educational Engagement.<\/a> In Proceedings of the 2019 Conference on Information and Communication Technologies and Development (ICTD\u201919)<\/p>\n\n\n\n<p class=\"has-medium-font-size\"><strong>2018<\/strong><\/p>\n\n\n\n<p class=\"has-small-font-size\"><strong>Wong-Villacres, M.<\/strong>, Kumar, A., Vishwanath, A., Karusala, N., DiSalvo, B., Kumar, N. (2018). Designing for Intersections. In Proceedings of the 2018 on Designing Interactive Systems Conference (DIS\u201918).<\/p>\n\n\n\n<p class=\"has-small-font-size\">Evans, H., <strong>Wong-Villacres, M.<\/strong>, Castro, D., Gilbert, E., Arriaga, R., Dye, M., Bruckman, A.<strong> <\/strong>(2018)&nbsp; Facebook in Venezuela: Understanding Solidarity Economies in Low-Trust Environments. In Proceedings of the 2018 CHI Conference on Human Factors in Computing Systems.<\/p>\n\n\n\n<p class=\"has-medium-font-size\"><strong>2017<\/strong><\/p>\n\n\n\n<p class=\"has-small-font-size\"><strong>Wong-Villacres, M.<\/strong>, Velasquez, C., Kumar, N. (2018) Social Media and Earthquake Response: Unpacking its Limitations with Care. Proceedings of the ACM on Human-Computer Interaction V1. (CSCW\u201917)<\/p>\n\n\n\n<p class=\"has-small-font-size\"><strong>Wong-Villacres, M.<\/strong>, Ehsan, U., Solomon, A., Pozo Buil, M., DiSalvo, B. (2017) Design Guidelines for Parent-School Technologies to Support the Ecology of Parental Engagement. In Proceedings of the 2017 Conference on Interaction Design and Children (IDC &#8217;17).<\/p>\n\n\n\n<p class=\"has-medium-font-size\"><strong>2016<\/strong><\/p>\n\n\n\n<p class=\"has-small-font-size\">Falcones, G., <strong>Wong-Villacres, M.<\/strong>, Barzola, V. E., &amp; Garcia, K. C. (2016, October). Enhancing quality of argumentation in a co-located collaborative environment through a tabletop system. In Ecuador Technical Chapters Meeting (ETCM). IEEE.<\/p>\n\n\n\n<p class=\"has-small-font-size\"><strong>Wong-Villacres, M.<\/strong>, Barzola, V. E., Granda, R., &amp; Garcia, K. C. (2016, July). Portable Tabletops: A Low-Cost Pen-and-Touch Approach. In International Conference on Human-Computer Interaction (pp. 241-252). Springer International Publishing.[f1] Granda, R. X., Echeverria, V., Chiluiza, K., &amp; <strong>Wong-Villacres, M.<\/strong> (2015, July). Supporting the Assessment of Collaborative Design Activities in Multi-tabletop Classrooms. In 2015 Asia-Pacific Conference on Computer Aided System Engineering (APCASE\u201915). IEEE.<\/p>\n\n\n\n<p class=\"has-medium-font-size\"><strong>2015<\/strong><\/p>\n\n\n\n<p class=\"has-small-font-size\"><strong>Wong-Villacres, M.<\/strong>, Ortiz, M.,Echeverria, V, Chiluiza, K. (2015). <a href=\"http:\/\/marisolvillacres.website\/files\/p325-wong-villacres.pdf\">A Tabletop System to Promote Argumentation in Computer Science Students.<\/a> In ACM International Conference on Interactive Tabletops and Surfaces (ITS &#8217;15).<\/p>\n\n\n\n<p class=\"has-medium-font-size\"><strong>2011<\/strong><\/p>\n\n\n\n<p class=\"has-small-font-size\"><strong>Wong-Villacres, M.<\/strong> and Bardzell, S. (2011). <a href=\"http:\/\/marisolvillacres.website\/files\/p2215-wong.pdf\">Technology-Mediated Parent-Child Intimacy: Designing for Ecuadorian Families Separated by Migration<\/a>. In Extended Abstracts of the 2011 CHI Conference on Human Factors in Computing Systems.<\/p>\n\n\n\n<p class=\"has-medium-font-size\"><strong>Select Articles and Organized Workshops\/SIGs<\/strong><\/p>\n\n\n\n<p class=\"has-medium-font-size\"><strong>2024<\/strong><\/p>\n\n\n\n<p class=\"has-small-font-size\">Williams, L., Awad Alim, R., Talhouk, R., <strong>Wong-Villacr\u00e9s, M<\/strong>., Kirabo, L., Maitland, C., Harris, T., Sharma, V., Das, D., Semaan, B., Ahmed, S.I., Soden, R., (2024). HCI, Mobility Justice, and Migration in the Face of Climate Crisis. In Companion Publication of the 2024 Conference on Computer Supported Cooperative Work and Social Computing (Accepted)<br><\/p>\n\n\n\n<p class=\"has-medium-font-size\"><strong>2023<\/strong><\/p>\n\n\n\n<p class=\"has-small-font-size\">Liang, C. A., Tseng, E., Dewitt, A., Kotturi, Y., Ghoshal, S., Smith, A. D., <strong>Wong-Villacres, M<\/strong>., Wilcox, L.,\u00a0 &amp; Erete, S. (2023, October). Surfacing Structural Barriers to Community-Collaborative Approaches in Human-Computer Interaction. In Companion Publication of the 2023 Conference on Computer Supported Cooperative Work and Social Computing (pp. 542-546)<\/p>\n\n\n\n<p class=\"has-small-font-size\">Talhouk, R., Alabdulqader, E., Kutay, C., Awori, K., <strong>Wong-Villacres, M.<\/strong>, Kumar, N., &#8230; &amp; Lazem, S. (2023, April). Re-articulating North-South Collaborations in HCI. In Extended Abstracts of the 2023 CHI Conference on Human Factors in Computing Systems (pp. 1-4).<\/p>\n\n\n\n<p class=\"has-medium-font-size\"><strong>2022<\/strong><\/p>\n\n\n\n<p class=\"has-small-font-size\"><strong>Wong-Villacres, M.<\/strong>, Erete, S., Gautam, A., Ismail, A., Kumar, N., Pei, L., &#8230; &amp; Motti, V. G. (2022). Elevating strengths and capacities: the different shades of assets-based design in HCI. Interactions, 29(5), 28-33.<br><\/p>\n\n\n\n<p class=\"has-medium-font-size\"><strong>2021<\/strong><\/p>\n\n\n\n<p class=\"has-small-font-size\"><strong>Marisol Wong-Villacres<\/strong>, Adriana Alvarado-Garcia, Karla Badillo-Urquiola, Mayra Machuca, Marianela Felice, Laura Gayt\u00e1n-Lugo, Oscar Lemus, Pedro Reynolds-Cu\u00e9llar, M\u00f3nica Perusqu\u00eda-Hern\u00e1ndez (2021). Lessons from Latin America: Embracing Horizontality to Reconstruct HCI as a Pluriverse. ACM Interactions<br><\/p>\n\n\n\n<p class=\"has-medium-font-size\"><strong>2020<\/strong><\/p>\n\n\n\n<p class=\"has-small-font-size\"><strong>Wong-Villacres, M.<\/strong>, Gautam A., Roldan, W., &#8230; &amp; Yip, J. (2020). From Needs to Strengths: Operationalizing an Assets-Based Design of Technology. In Companion of the 2020 ACM Conference on Computer Supported Cooperative Work and Social Computing (CSCW &#8217;20)<br><\/p>\n\n\n\n<p class=\"has-small-font-size\"><strong>Wong-Villacres, M<\/strong>., Alvarado Garcia, A., Maestre, J.F., &#8230; &amp; DiSalvo, C. (2020). Decolonizing Learning Spaces for Sociotechnical Research and Design. In Companion of the 2020 ACM Conference on Computer Supported Cooperative Work and Social Computing (CSCW &#8217;20)<\/p>\n","protected":false},"excerpt":{"rendered":"<p>Selected Peer-reviewed Publications 2024 Chowdhury, N., Shokri, N., Valera, C. H., Sp, A. M., Marquez, C. R., Rifat, M. R., Wong-Villacres, M., Munteanu, C., Dahya, N. &amp; Ahmed, S. I. (2024, May). Politics of the Past: Understanding the Role of Memory, Postmemory, and Remembrance in Navigating the History of Migrant Families. In Proceedings of the [&hellip;]<\/p>\n","protected":false},"author":1,"featured_media":0,"parent":0,"menu_order":0,"comment_status":"closed","ping_status":"closed","template":"","meta":{"footnotes":""},"class_list":["post-61","page","type-page","status-publish","hentry"],"_links":{"self":[{"href":"http:\/\/marisolwongvillacres.com\/index.php?rest_route=\/wp\/v2\/pages\/61","targetHints":{"allow":["GET"]}}],"collection":[{"href":"http:\/\/marisolwongvillacres.com\/index.php?rest_route=\/wp\/v2\/pages"}],"about":[{"href":"http:\/\/marisolwongvillacres.com\/index.php?rest_route=\/wp\/v2\/types\/page"}],"author":[{"embeddable":true,"href":"http:\/\/marisolwongvillacres.com\/index.php?rest_route=\/wp\/v2\/users\/1"}],"replies":[{"embeddable":true,"href":"http:\/\/marisolwongvillacres.com\/index.php?rest_route=%2Fwp%2Fv2%2Fcomments&post=61"}],"version-history":[{"count":6,"href":"http:\/\/marisolwongvillacres.com\/index.php?rest_route=\/wp\/v2\/pages\/61\/revisions"}],"predecessor-version":[{"id":75,"href":"http:\/\/marisolwongvillacres.com\/index.php?rest_route=\/wp\/v2\/pages\/61\/revisions\/75"}],"wp:attachment":[{"href":"http:\/\/marisolwongvillacres.com\/index.php?rest_route=%2Fwp%2Fv2%2Fmedia&parent=61"}],"curies":[{"name":"wp","href":"https:\/\/api.w.org\/{rel}","templated":true}]}}